{"id":370,"date":"2021-08-20T11:50:58","date_gmt":"2021-08-20T11:50:58","guid":{"rendered":"http:\/\/motejewelry.com\/index.php\/product\/hybrid-cleansing-balm\/"},"modified":"2025-11-02T03:36:05","modified_gmt":"2025-11-02T03:36:05","slug":"leaf-brass-ring","status":"publish","type":"product","link":"https:\/\/motejewelry.com\/lt\/produktas\/leaf-brass-ring\/","title":{"rendered":"Lapelis - \u017dalvario \u017diedas"},"content":{"rendered":"<p><span style=\"font-weight: 400;\">Pagaminta i\u0161: \u017dalvaris<\/span><\/p>\n<p><span style=\"font-weight: 400;\">Nepamir\u0161kite patikrinti\u00a0 <a href=\"http:\/\/motejewelry.com\/lt\/index.php\/size-chart\/\">Dyd\u017ei\u0173 Lentel\u0117s<\/a> puslapio prie\u0161 pateikiant u\u017esakym\u0105.\u00a0<\/span><\/p>\n<p><span style=\"font-weight: 400;\">\u0160ie \u017eiedai gamindami individualiai po pateikto u\u017esakymo. Gamybos laikas gali trukti iki 7 darbo dien\u0173. Jei pageidaujate u\u017esakym\u0105 gauti iki konkre\u010dios datos, susisiekite su mumis prie\u0161 pateikiant u\u017esakym\u0105, - tokiu b\u016bdu pasistengsime u\u017etikrinti, kad J\u016bs\u0173 u\u017esakymas Jus pasiekt\u0173 laiku.<\/span><\/p>","protected":false},"excerpt":{"rendered":"<p>Rank\u0173 darbo \u017ealvario \u017eiedas \"Lapelis\"<\/p>","protected":false},"featured_media":1071,"comment_status":"open","ping_status":"closed","template":"","meta":{"om_disable_all_campaigns":false,"_monsterinsights_skip_tracking":false,"_monsterinsights_sitenote_active":false,"_monsterinsights_sitenote_note":"","_monsterinsights_sitenote_category":0,"site-sidebar-layout":"default","site-content-layout":"content-boxed-container","ast-site-content-layout":"","site-content-style":"default","site-sidebar-style":"default","ast-global-header-display":"","ast-banner-title-visibility":"","ast-main-header-display":"","ast-hfb-above-header-display":"","ast-hfb-below-header-display":"","ast-hfb-mobile-header-display":"","site-post-title":"","ast-breadcrumbs-content":"","ast-featured-img":"","footer-sml-layout":"","theme-transparent-header-meta":"default","adv-header-id-meta":"","stick-header-meta":"","header-above-stick-meta":"","header-main-stick-meta":"","header-below-stick-meta":"","astra-migrate-meta-layouts":"default","ast-page-background-enabled":"default","ast-page-background-meta":{"desktop":{"background-color":"var(--ast-global-color-4)","background-image":"","background-repeat":"repeat","background-position":"center center","background-size":"auto","background-attachment":"scroll","background-type":"","background-media":"","overlay-type":"","overlay-color":"","overlay-gradient":""},"tablet":{"background-color":"","background-image":"","background-repeat":"repeat","background-position":"center center","background-size":"auto","background-attachment":"scroll","background-type":"","background-media":"","overlay-type":"","overlay-color":"","overlay-gradient":""},"mobile":{"background-color":"","background-image":"","background-repeat":"repeat","background-position":"center center","background-size":"auto","background-attachment":"scroll","background-type":"","background-media":"","overlay-type":"","overlay-color":"","overlay-gradient":""}},"ast-content-background-meta":{"desktop":{"background-color":"var(--ast-global-color-5)","background-image":"","background-repeat":"repeat","background-position":"center center","background-size":"auto","background-attachment":"scroll","background-type":"","background-media":"","overlay-type":"","overlay-color":"","overlay-gradient":""},"tablet":{"background-color":"var(--ast-global-color-5)","background-image":"","background-repeat":"repeat","background-position":"center center","background-size":"auto","background-attachment":"scroll","background-type":"","background-media":"","overlay-type":"","overlay-color":"","overlay-gradient":""},"mobile":{"background-color":"var(--ast-global-color-5)","background-image":"","background-repeat":"repeat","background-position":"center center","background-size":"auto","background-attachment":"scroll","background-type":"","background-media":"","overlay-type":"","overlay-color":"","overlay-gradient":""}}},"product_cat":[22],"product_tag":[38,63,41,39,37],"class_list":{"0":"post-370","1":"product","2":"type-product","3":"status-publish","4":"has-post-thumbnail","6":"product_cat-rings","7":"product_tag-brass-jewelry","8":"product_tag-brass-rings","9":"product_tag-flora","10":"product_tag-leaf","11":"product_tag-nature-jewelry","12":"desktop-align-left","13":"tablet-align-left","14":"mobile-align-left","16":"first","17":"instock","18":"shipping-taxable","19":"purchasable","20":"product-type-variable"},"aioseo_notices":[],"_links":{"self":[{"href":"https:\/\/motejewelry.com\/lt\/wp-json\/wp\/v2\/product\/370","targetHints":{"allow":["GET"]}}],"collection":[{"href":"https:\/\/motejewelry.com\/lt\/wp-json\/wp\/v2\/product"}],"about":[{"href":"https:\/\/motejewelry.com\/lt\/wp-json\/wp\/v2\/types\/product"}],"replies":[{"embeddable":true,"href":"https:\/\/motejewelry.com\/lt\/wp-json\/wp\/v2\/comments?post=370"}],"version-history":[{"count":5,"href":"https:\/\/motejewelry.com\/lt\/wp-json\/wp\/v2\/product\/370\/revisions"}],"predecessor-version":[{"id":1155,"href":"https:\/\/motejewelry.com\/lt\/wp-json\/wp\/v2\/product\/370\/revisions\/1155"}],"wp:featuredmedia":[{"embeddable":true,"href":"https:\/\/motejewelry.com\/lt\/wp-json\/wp\/v2\/media\/1071"}],"wp:attachment":[{"href":"https:\/\/motejewelry.com\/lt\/wp-json\/wp\/v2\/media?parent=370"}],"wp:term":[{"taxonomy":"product_cat","embeddable":true,"href":"https:\/\/motejewelry.com\/lt\/wp-json\/wp\/v2\/product_cat?post=370"},{"taxonomy":"product_tag","embeddable":true,"href":"https:\/\/motejewelry.com\/lt\/wp-json\/wp\/v2\/product_tag?post=370"}],"curies":[{"name":"wp","href":"https:\/\/api.w.org\/{rel}","templated":true}]}}