{"id":366,"date":"2021-08-20T11:47:59","date_gmt":"2021-08-20T11:47:59","guid":{"rendered":"http:\/\/motejewelry.com\/index.php\/product\/makeup-melting-cleanser\/"},"modified":"2025-10-14T19:17:39","modified_gmt":"2025-10-14T19:17:39","slug":"leaf-adjustable-size-brass-ring","status":"publish","type":"product","link":"https:\/\/motejewelry.com\/lt\/produktas\/leaf-adjustable-size-brass-ring\/","title":{"rendered":"Leaf &#8211; Adjustable Size Brass Ring"},"content":{"rendered":"<p><span style=\"font-weight: 400;\">This ring is adjustable, yet we still need approximate size.<br \/>\n<\/span><\/p>\n<p><span style=\"font-weight: 400;\">Pagaminta i\u0161: \u017dalvaris<\/span><\/p>\n<p><span style=\"font-weight: 400;\">Nepamir\u0161kite patikrinti <a href=\"http:\/\/motejewelry.com\/lt\/index.php\/size-chart\/\">Dyd\u017ei\u0173 Lentel\u0117s<\/a> puslapio prie\u0161 pateikiant u\u017esakym\u0105.\u00a0<\/span><\/p>\n<p><span style=\"font-weight: 400;\">\u0160ie \u017eiedai gamindami individualiai po pateikto u\u017esakymo. Gamybos laikas gali trukti iki 7 darbo dien\u0173. Jei pageidaujate u\u017esakym\u0105 gauti iki konkre\u010dios datos, susisiekite su mumis prie\u0161 pateikiant u\u017esakym\u0105, - tokiu b\u016bdu pasistengsime u\u017etikrinti, kad J\u016bs\u0173 u\u017esakymas Jus pasiekt\u0173 laiku.<\/span><\/p>","protected":false},"excerpt":{"rendered":"<p><span style=\"font-weight: 400;\">Hand-made adjustable size brass ring &#8220;Leaf&#8221;.<\/span><\/p>","protected":false},"featured_media":1159,"comment_status":"open","ping_status":"closed","template":"","meta":{"om_disable_all_campaigns":false,"_monsterinsights_skip_tracking":false,"_monsterinsights_sitenote_active":false,"_monsterinsights_sitenote_note":"","_monsterinsights_sitenote_category":0,"site-sidebar-layout":"default","site-content-layout":"content-boxed-container","ast-site-content-layout":"","site-content-style":"default","site-sidebar-style":"default","ast-global-header-display":"","ast-banner-title-visibility":"","ast-main-header-display":"","ast-hfb-above-header-display":"","ast-hfb-below-header-display":"","ast-hfb-mobile-header-display":"","site-post-title":"","ast-breadcrumbs-content":"","ast-featured-img":"","footer-sml-layout":"","theme-transparent-header-meta":"default","adv-header-id-meta":"","stick-header-meta":"","header-above-stick-meta":"","header-main-stick-meta":"","header-below-stick-meta":"","astra-migrate-meta-layouts":"default","ast-page-background-enabled":"default","ast-page-background-meta":{"desktop":{"background-color":"var(--ast-global-color-4)","background-image":"","background-repeat":"repeat","background-position":"center center","background-size":"auto","background-attachment":"scroll","background-type":"","background-media":"","overlay-type":"","overlay-color":"","overlay-gradient":""},"tablet":{"background-color":"","background-image":"","background-repeat":"repeat","background-position":"center center","background-size":"auto","background-attachment":"scroll","background-type":"","background-media":"","overlay-type":"","overlay-color":"","overlay-gradient":""},"mobile":{"background-color":"","background-image":"","background-repeat":"repeat","background-position":"center center","background-size":"auto","background-attachment":"scroll","background-type":"","background-media":"","overlay-type":"","overlay-color":"","overlay-gradient":""}},"ast-content-background-meta":{"desktop":{"background-color":"var(--ast-global-color-5)","background-image":"","background-repeat":"repeat","background-position":"center center","background-size":"auto","background-attachment":"scroll","background-type":"","background-media":"","overlay-type":"","overlay-color":"","overlay-gradient":""},"tablet":{"background-color":"var(--ast-global-color-5)","background-image":"","background-repeat":"repeat","background-position":"center center","background-size":"auto","background-attachment":"scroll","background-type":"","background-media":"","overlay-type":"","overlay-color":"","overlay-gradient":""},"mobile":{"background-color":"var(--ast-global-color-5)","background-image":"","background-repeat":"repeat","background-position":"center center","background-size":"auto","background-attachment":"scroll","background-type":"","background-media":"","overlay-type":"","overlay-color":"","overlay-gradient":""}}},"product_cat":[22],"product_tag":[67,38,63,41,39,37],"class_list":{"0":"post-366","1":"product","2":"type-product","3":"status-publish","4":"has-post-thumbnail","6":"product_cat-rings","7":"product_tag-adjustable-size-rings","8":"product_tag-brass-jewelry","9":"product_tag-brass-rings","10":"product_tag-flora","11":"product_tag-leaf","12":"product_tag-nature-jewelry","13":"desktop-align-left","14":"tablet-align-left","15":"mobile-align-left","17":"first","18":"instock","19":"shipping-taxable","20":"purchasable","21":"product-type-variable"},"aioseo_notices":[],"_links":{"self":[{"href":"https:\/\/motejewelry.com\/lt\/wp-json\/wp\/v2\/product\/366","targetHints":{"allow":["GET"]}}],"collection":[{"href":"https:\/\/motejewelry.com\/lt\/wp-json\/wp\/v2\/product"}],"about":[{"href":"https:\/\/motejewelry.com\/lt\/wp-json\/wp\/v2\/types\/product"}],"replies":[{"embeddable":true,"href":"https:\/\/motejewelry.com\/lt\/wp-json\/wp\/v2\/comments?post=366"}],"version-history":[{"count":3,"href":"https:\/\/motejewelry.com\/lt\/wp-json\/wp\/v2\/product\/366\/revisions"}],"predecessor-version":[{"id":1178,"href":"https:\/\/motejewelry.com\/lt\/wp-json\/wp\/v2\/product\/366\/revisions\/1178"}],"wp:featuredmedia":[{"embeddable":true,"href":"https:\/\/motejewelry.com\/lt\/wp-json\/wp\/v2\/media\/1159"}],"wp:attachment":[{"href":"https:\/\/motejewelry.com\/lt\/wp-json\/wp\/v2\/media?parent=366"}],"wp:term":[{"taxonomy":"product_cat","embeddable":true,"href":"https:\/\/motejewelry.com\/lt\/wp-json\/wp\/v2\/product_cat?post=366"},{"taxonomy":"product_tag","embeddable":true,"href":"https:\/\/motejewelry.com\/lt\/wp-json\/wp\/v2\/product_tag?post=366"}],"curies":[{"name":"wp","href":"https:\/\/api.w.org\/{rel}","templated":true}]}}